{"id":13068,"date":"2020-05-31T16:51:11","date_gmt":"2020-05-31T20:51:11","guid":{"rendered":"https:\/\/confectionsann.ca\/?post_type=product&#038;p=13068"},"modified":"2021-11-15T13:33:10","modified_gmt":"2021-11-15T18:33:10","slug":"sac-a-collation-et-sandwich","status":"publish","type":"product","link":"https:\/\/confectionsann.ca\/index.php\/produit\/sac-a-collation-et-sandwich\/","title":{"rendered":"Sac \u00e0 collation et sandwich"},"content":{"rendered":"","protected":false},"excerpt":{"rendered":"<p>Sac \u00e0 collation et \u00e0 sandwich lavable<br \/>\n&#8211; Lavable et s\u00e9chage \u00e0 la machine<br \/>\n&#8211; Fait en PUL r\u00e9sistant \u00e0 l&rsquo;eau<br \/>\n&#8211; 2 grandeurs: Grandeur \u00e0 sandwich et plus petit pour biscuits, craquelin.<br \/>\n&#8211; Fermeture \u00e0 glissi\u00e8re<\/p>\n<p>&#8211; Chaque sac pour 10$<br \/>\n&#8211; 4 sac pour 36$<\/p>\n","protected":false},"featured_media":13069,"template":"","meta":[],"product_cat":[34],"product_tag":[],"_links":{"self":[{"href":"https:\/\/confectionsann.ca\/index.php\/wp-json\/wp\/v2\/product\/13068"}],"collection":[{"href":"https:\/\/confectionsann.ca\/index.php\/wp-json\/wp\/v2\/product"}],"about":[{"href":"https:\/\/confectionsann.ca\/index.php\/wp-json\/wp\/v2\/types\/product"}],"wp:featuredmedia":[{"embeddable":true,"href":"https:\/\/confectionsann.ca\/index.php\/wp-json\/wp\/v2\/media\/13069"}],"wp:attachment":[{"href":"https:\/\/confectionsann.ca\/index.php\/wp-json\/wp\/v2\/media?parent=13068"}],"wp:term":[{"taxonomy":"product_cat","embeddable":true,"href":"https:\/\/confectionsann.ca\/index.php\/wp-json\/wp\/v2\/product_cat?post=13068"},{"taxonomy":"product_tag","embeddable":true,"href":"https:\/\/confectionsann.ca\/index.php\/wp-json\/wp\/v2\/product_tag?post=13068"}],"curies":[{"name":"wp","href":"https:\/\/api.w.org\/{rel}","templated":true}]}}