{"id":28894,"date":"2021-10-20T21:34:49","date_gmt":"2021-10-21T01:34:49","guid":{"rendered":"https:\/\/confectionsann.ca\/?post_type=product&#038;p=28894"},"modified":"2021-10-20T21:34:52","modified_gmt":"2021-10-21T01:34:52","slug":"echantillon-brodee","status":"publish","type":"product","link":"https:\/\/confectionsann.ca\/index.php\/produit\/echantillon-brodee\/","title":{"rendered":"\u00c9chantillon brod\u00e9e"},"content":{"rendered":"","protected":false},"excerpt":{"rendered":"<p>\u00c9chantillon brod\u00e9e<\/p>\n","protected":false},"featured_media":0,"template":"","meta":[],"product_cat":[22],"product_tag":[],"_links":{"self":[{"href":"https:\/\/confectionsann.ca\/index.php\/wp-json\/wp\/v2\/product\/28894"}],"collection":[{"href":"https:\/\/confectionsann.ca\/index.php\/wp-json\/wp\/v2\/product"}],"about":[{"href":"https:\/\/confectionsann.ca\/index.php\/wp-json\/wp\/v2\/types\/product"}],"wp:attachment":[{"href":"https:\/\/confectionsann.ca\/index.php\/wp-json\/wp\/v2\/media?parent=28894"}],"wp:term":[{"taxonomy":"product_cat","embeddable":true,"href":"https:\/\/confectionsann.ca\/index.php\/wp-json\/wp\/v2\/product_cat?post=28894"},{"taxonomy":"product_tag","embeddable":true,"href":"https:\/\/confectionsann.ca\/index.php\/wp-json\/wp\/v2\/product_tag?post=28894"}],"curies":[{"name":"wp","href":"https:\/\/api.w.org\/{rel}","templated":true}]}}