{"id":448,"date":"2018-11-24T00:35:25","date_gmt":"2018-11-24T05:35:25","guid":{"rendered":"http:\/\/confectionsann.ca\/?post_type=product&#038;p=448"},"modified":"2021-11-15T14:07:25","modified_gmt":"2021-11-15T19:07:25","slug":"protege-assiette-au-micro-onde","status":"publish","type":"product","link":"https:\/\/confectionsann.ca\/index.php\/produit\/protege-assiette-au-micro-onde\/","title":{"rendered":"Ensemble de 3 prot\u00e8ges Bols  \u00e0 soupe  au micro-onde"},"content":{"rendered":"<h3><strong>Du micro-onde \u00e0 votre table sans vous br\u00fbler<\/strong><\/h3>\n","protected":false},"excerpt":{"rendered":"<p>&nbsp;<\/p>\n<h2><strong>Ensemble de 3 prot\u00e8ges bols\u00a0\u00e0 soupe 2 moyens et 1 petit<\/strong><\/h2>\n","protected":false},"featured_media":471,"template":"","meta":[],"product_cat":[22],"product_tag":[],"_links":{"self":[{"href":"https:\/\/confectionsann.ca\/index.php\/wp-json\/wp\/v2\/product\/448"}],"collection":[{"href":"https:\/\/confectionsann.ca\/index.php\/wp-json\/wp\/v2\/product"}],"about":[{"href":"https:\/\/confectionsann.ca\/index.php\/wp-json\/wp\/v2\/types\/product"}],"wp:featuredmedia":[{"embeddable":true,"href":"https:\/\/confectionsann.ca\/index.php\/wp-json\/wp\/v2\/media\/471"}],"wp:attachment":[{"href":"https:\/\/confectionsann.ca\/index.php\/wp-json\/wp\/v2\/media?parent=448"}],"wp:term":[{"taxonomy":"product_cat","embeddable":true,"href":"https:\/\/confectionsann.ca\/index.php\/wp-json\/wp\/v2\/product_cat?post=448"},{"taxonomy":"product_tag","embeddable":true,"href":"https:\/\/confectionsann.ca\/index.php\/wp-json\/wp\/v2\/product_tag?post=448"}],"curies":[{"name":"wp","href":"https:\/\/api.w.org\/{rel}","templated":true}]}}