{"id":776,"date":"2019-07-26T10:04:04","date_gmt":"2019-07-26T14:04:04","guid":{"rendered":"https:\/\/confectionsann.ca\/?post_type=product&#038;p=776"},"modified":"2021-11-15T13:57:26","modified_gmt":"2021-11-15T18:57:26","slug":"etuis-a-crayons","status":"publish","type":"product","link":"https:\/\/confectionsann.ca\/index.php\/produit\/etuis-a-crayons\/","title":{"rendered":"\u00c9tuis \u00e0 crayons"},"content":{"rendered":"<p>\u00c9tuis \u00e0 crayon pour vos tous petits<\/p>\n","protected":false},"excerpt":{"rendered":"<p>Peut aussi servir pour \u00e9tui \u00e0 cosm\u00e9tique.<\/p>\n","protected":false},"featured_media":777,"template":"","meta":[],"product_cat":[15],"product_tag":[],"_links":{"self":[{"href":"https:\/\/confectionsann.ca\/index.php\/wp-json\/wp\/v2\/product\/776"}],"collection":[{"href":"https:\/\/confectionsann.ca\/index.php\/wp-json\/wp\/v2\/product"}],"about":[{"href":"https:\/\/confectionsann.ca\/index.php\/wp-json\/wp\/v2\/types\/product"}],"wp:featuredmedia":[{"embeddable":true,"href":"https:\/\/confectionsann.ca\/index.php\/wp-json\/wp\/v2\/media\/777"}],"wp:attachment":[{"href":"https:\/\/confectionsann.ca\/index.php\/wp-json\/wp\/v2\/media?parent=776"}],"wp:term":[{"taxonomy":"product_cat","embeddable":true,"href":"https:\/\/confectionsann.ca\/index.php\/wp-json\/wp\/v2\/product_cat?post=776"},{"taxonomy":"product_tag","embeddable":true,"href":"https:\/\/confectionsann.ca\/index.php\/wp-json\/wp\/v2\/product_tag?post=776"}],"curies":[{"name":"wp","href":"https:\/\/api.w.org\/{rel}","templated":true}]}}