{"id":786,"date":"2019-07-26T10:58:40","date_gmt":"2019-07-26T14:58:40","guid":{"rendered":"https:\/\/confectionsann.ca\/?post_type=product&#038;p=786"},"modified":"2021-11-15T14:21:36","modified_gmt":"2021-11-15T19:21:36","slug":"etuis-a-crayon","status":"publish","type":"product","link":"https:\/\/confectionsann.ca\/index.php\/produit\/etuis-a-crayon\/","title":{"rendered":"\u00c9tuis \u00e0 crayons"},"content":{"rendered":"<p>\u00c9tuis tout en couleur pour vos crayons.<\/p>\n","protected":false},"excerpt":{"rendered":"<p>\u00c9tuis tout en couleur<\/p>\n","protected":false},"featured_media":784,"template":"","meta":[],"product_cat":[15],"product_tag":[],"_links":{"self":[{"href":"https:\/\/confectionsann.ca\/index.php\/wp-json\/wp\/v2\/product\/786"}],"collection":[{"href":"https:\/\/confectionsann.ca\/index.php\/wp-json\/wp\/v2\/product"}],"about":[{"href":"https:\/\/confectionsann.ca\/index.php\/wp-json\/wp\/v2\/types\/product"}],"wp:featuredmedia":[{"embeddable":true,"href":"https:\/\/confectionsann.ca\/index.php\/wp-json\/wp\/v2\/media\/784"}],"wp:attachment":[{"href":"https:\/\/confectionsann.ca\/index.php\/wp-json\/wp\/v2\/media?parent=786"}],"wp:term":[{"taxonomy":"product_cat","embeddable":true,"href":"https:\/\/confectionsann.ca\/index.php\/wp-json\/wp\/v2\/product_cat?post=786"},{"taxonomy":"product_tag","embeddable":true,"href":"https:\/\/confectionsann.ca\/index.php\/wp-json\/wp\/v2\/product_tag?post=786"}],"curies":[{"name":"wp","href":"https:\/\/api.w.org\/{rel}","templated":true}]}}