{"id":828,"date":"2019-07-26T16:42:50","date_gmt":"2019-07-26T20:42:50","guid":{"rendered":"https:\/\/confectionsann.ca\/?post_type=product&#038;p=828"},"modified":"2021-11-15T14:02:32","modified_gmt":"2021-11-15T19:02:32","slug":"etuis-a-crayon-2","status":"publish","type":"product","link":"https:\/\/confectionsann.ca\/index.php\/produit\/etuis-a-crayon-2\/","title":{"rendered":"\u00c9tuis \u00e0 crayon"},"content":{"rendered":"<p>\u00c9tui qui fera r\u00eaver les petits gar\u00e7ons<\/p>\n","protected":false},"excerpt":{"rendered":"<p>Pour celui qui aime les pelles m\u00e9canique<\/p>\n","protected":false},"featured_media":829,"template":"","meta":[],"product_cat":[15],"product_tag":[],"_links":{"self":[{"href":"https:\/\/confectionsann.ca\/index.php\/wp-json\/wp\/v2\/product\/828"}],"collection":[{"href":"https:\/\/confectionsann.ca\/index.php\/wp-json\/wp\/v2\/product"}],"about":[{"href":"https:\/\/confectionsann.ca\/index.php\/wp-json\/wp\/v2\/types\/product"}],"wp:featuredmedia":[{"embeddable":true,"href":"https:\/\/confectionsann.ca\/index.php\/wp-json\/wp\/v2\/media\/829"}],"wp:attachment":[{"href":"https:\/\/confectionsann.ca\/index.php\/wp-json\/wp\/v2\/media?parent=828"}],"wp:term":[{"taxonomy":"product_cat","embeddable":true,"href":"https:\/\/confectionsann.ca\/index.php\/wp-json\/wp\/v2\/product_cat?post=828"},{"taxonomy":"product_tag","embeddable":true,"href":"https:\/\/confectionsann.ca\/index.php\/wp-json\/wp\/v2\/product_tag?post=828"}],"curies":[{"name":"wp","href":"https:\/\/api.w.org\/{rel}","templated":true}]}}